{"id":103,"date":"2016-05-05T18:19:34","date_gmt":"2016-05-05T18:19:34","guid":{"rendered":"http:\/\/www.kellysthai.se\/?page_id=103"},"modified":"2023-02-21T23:14:07","modified_gmt":"2023-02-21T22:14:07","slug":"hem","status":"publish","type":"page","link":"http:\/\/www.kellysthai.se\/","title":{"rendered":""},"content":{"rendered":"<h2 style=\"text-align: center;\"><img loading=\"lazy\" decoding=\"async\" class=\"alignnone wp-image-144\" src=\"http:\/\/www.kellysthai.se\/wp-content\/uploads\/2016\/05\/orkide1.jpg\" alt=\"orkide1\" width=\"559\" height=\"228\" srcset=\"http:\/\/www.kellysthai.se\/wp-content\/uploads\/2016\/05\/orkide1.jpg 1000w, http:\/\/www.kellysthai.se\/wp-content\/uploads\/2016\/05\/orkide1-300x122.jpg 300w, http:\/\/www.kellysthai.se\/wp-content\/uploads\/2016\/05\/orkide1-768x313.jpg 768w\" sizes=\"(max-width: 559px) 100vw, 559px\" \/><\/h2>\n<h2 style=\"text-align: center;\"><span style=\"color: #ff00ff;\">V\u00e4lkommen till Kelly\u00b4s Thai<\/span><\/h2>\n<p><img decoding=\"async\" class=\"wp-image-105 alignleft\" src=\"http:\/\/www.kellysthai.se\/wp-content\/uploads\/2016\/05\/elefan-e1462470937933.png\" width=\"30%\" height=\"20%\" \/><img decoding=\"async\" class=\"wp-image-105 alignright\" src=\"http:\/\/www.kellysthai.se\/wp-content\/uploads\/2016\/05\/elefan-e1462471030899.png\" alt=\"elefan\" width=\"30%\" height=\"20%\" \/><\/p>\n<h2 style=\"text-align: center;\"><span style=\"color: #ff00ff;\">Take Away<\/span><\/h2>\n<h3 style=\"text-align: center;\"><span style=\"color: #000000;\">\u00d6ppettider<\/span><\/h3>\n<table style=\"width: 100%;\">\n<tbody>\n<tr>\n<td style=\"width: 50%; text-align: center;\"><strong>M\u00e5ndag<\/strong><\/td>\n<td style=\"text-align: center;\"><span style=\"color: #ff0000;\"><strong>St\u00e4ngt<\/strong><\/span><\/td>\n<\/tr>\n<tr>\n<td style=\"width: 50%; text-align: center;\"><strong>Tis-Fre<\/strong><\/td>\n<td style=\"text-align: center;\"><strong>11.00-20.30<\/strong><\/td>\n<\/tr>\n<tr>\n<td style=\"width: 50%; text-align: center;\"><strong>L\u00f6r-S\u00f6n<\/strong><\/td>\n<td style=\"text-align: center;\"><strong>12.00-21.00<\/strong><\/td>\n<\/tr>\n<\/tbody>\n<\/table>\n<p><span style=\"color: #000000;\">Sedan sommaren 2011 har vi serverat thail\u00e4ndska m\u00e5ltider i Falkenberg. Med endast f\u00e4rska r\u00e5varor och de skickligaste kockarna, har vi som m\u00e5ls\u00e4ttning att servera den b\u00e4sta thail\u00e4ndska maten i stan. D\u00e4rf\u00f6r \u00e4r vi stolta \u00f6ver v\u00e5ra glada g\u00e4ster och h\u00e4rliga recensioner.<\/span><\/p>\n<h4 style=\"text-align: center;\"><span style=\"color: #ff0000;\"><span style=\"color: #000000;\">Hemsidan:<\/span> www.kellysthai.se<\/span><\/h4>\n<h4 style=\"text-align: center;\"><span style=\"color: #000000;\">Lasarettsv\u00e4gen 6. 311 36 FALKENBERG<\/span><\/h4>\n<p style=\"text-align: center;\"><strong>TEL: <span style=\"color: #ff0000;\">0346-87224<\/span><\/strong><\/p>\n","protected":false},"excerpt":{"rendered":"<p>V\u00e4lkommen till Kelly\u00b4s Thai Take Away \u00d6ppettider M\u00e5ndag St\u00e4ngt Tis-Fre 11.00-20.30 L\u00f6r-S\u00f6n 12.00-21.00 Sedan sommaren 2011 har vi serverat thail\u00e4ndska m\u00e5ltider i Falkenberg. Med endast f\u00e4rska r\u00e5varor och de skickligaste kockarna, har vi som m\u00e5ls\u00e4ttning att servera den b\u00e4sta thail\u00e4ndska maten i stan. D\u00e4rf\u00f6r \u00e4r vi stolta \u00f6ver v\u00e5ra glada g\u00e4ster och h\u00e4rliga recensioner. Hemsidan: &hellip; <a href=\"http:\/\/www.kellysthai.se\/\" class=\"more-link\">Forts\u00e4tt l\u00e4sa <span class=\"screen-reader-text\"><\/span><\/a><\/p>\n","protected":false},"author":1,"featured_media":0,"parent":0,"menu_order":0,"comment_status":"closed","ping_status":"closed","template":"","meta":{"footnotes":""},"class_list":["post-103","page","type-page","status-publish","hentry"],"_links":{"self":[{"href":"http:\/\/www.kellysthai.se\/index.php?rest_route=\/wp\/v2\/pages\/103"}],"collection":[{"href":"http:\/\/www.kellysthai.se\/index.php?rest_route=\/wp\/v2\/pages"}],"about":[{"href":"http:\/\/www.kellysthai.se\/index.php?rest_route=\/wp\/v2\/types\/page"}],"author":[{"embeddable":true,"href":"http:\/\/www.kellysthai.se\/index.php?rest_route=\/wp\/v2\/users\/1"}],"replies":[{"embeddable":true,"href":"http:\/\/www.kellysthai.se\/index.php?rest_route=%2Fwp%2Fv2%2Fcomments&post=103"}],"version-history":[{"count":61,"href":"http:\/\/www.kellysthai.se\/index.php?rest_route=\/wp\/v2\/pages\/103\/revisions"}],"predecessor-version":[{"id":270,"href":"http:\/\/www.kellysthai.se\/index.php?rest_route=\/wp\/v2\/pages\/103\/revisions\/270"}],"wp:attachment":[{"href":"http:\/\/www.kellysthai.se\/index.php?rest_route=%2Fwp%2Fv2%2Fmedia&parent=103"}],"curies":[{"name":"wp","href":"https:\/\/api.w.org\/{rel}","templated":true}]}}